{"id":14,"date":"2023-08-28T10:39:03","date_gmt":"2023-08-28T10:39:03","guid":{"rendered":"http:\/\/rod-jhd-nysa.pl\/?page_id=14"},"modified":"2023-08-28T11:19:53","modified_gmt":"2023-08-28T11:19:53","slug":"strona-glowna","status":"publish","type":"page","link":"https:\/\/rod-jhd-nysa.pl\/","title":{"rendered":"Strona G\u0142\u00f3wna"},"content":{"rendered":"\t\t<div data-elementor-type=\"wp-page\" data-elementor-id=\"14\" class=\"elementor elementor-14\">\n\t\t\t\t\t\t<section class=\"elementor-section elementor-top-section elementor-element elementor-element-4882f48d elementor-section-boxed elementor-section-height-default elementor-section-height-default\" data-id=\"4882f48d\" data-element_type=\"section\">\n\t\t\t\t\t\t<div class=\"elementor-container elementor-column-gap-default\">\n\t\t\t\t\t<div class=\"elementor-column elementor-col-100 elementor-top-column elementor-element elementor-element-5b489575\" data-id=\"5b489575\" data-element_type=\"column\">\n\t\t\t<div class=\"elementor-widget-wrap elementor-element-populated\">\n\t\t\t\t\t\t<div class=\"elementor-element elementor-element-8a334ce animated-fast elementor-invisible elementor-widget elementor-widget-heading\" data-id=\"8a334ce\" data-element_type=\"widget\" data-settings=\"{&quot;_animation&quot;:&quot;fadeInDown&quot;}\" data-widget_type=\"heading.default\">\n\t\t\t\t<div class=\"elementor-widget-container\">\n\t\t\t\t\t<h1 class=\"elementor-heading-title elementor-size-default\">Witamy na stronie Rodzinnych Ogrod\u00f3w Dzia\u0142kowych<\/h1>\t\t\t\t<\/div>\n\t\t\t\t<\/div>\n\t\t\t\t<div class=\"elementor-element elementor-element-7c0c083 elementor-invisible elementor-widget elementor-widget-image\" data-id=\"7c0c083\" data-element_type=\"widget\" data-settings=\"{&quot;_animation&quot;:&quot;fadeIn&quot;}\" data-widget_type=\"image.default\">\n\t\t\t\t<div class=\"elementor-widget-container\">\n\t\t\t\t\t\t\t\t\t\t\t\t\t\t\t<img fetchpriority=\"high\" decoding=\"async\" width=\"2560\" height=\"1155\" src=\"https:\/\/rod-jhd-nysa.pl\/wp-content\/uploads\/2023\/08\/rod-baner01.jpg\" class=\"attachment-full size-full wp-image-18\" alt=\"\" srcset=\"https:\/\/rod-jhd-nysa.pl\/wp-content\/uploads\/2023\/08\/rod-baner01.jpg 2560w, https:\/\/rod-jhd-nysa.pl\/wp-content\/uploads\/2023\/08\/rod-baner01-300x135.jpg 300w, https:\/\/rod-jhd-nysa.pl\/wp-content\/uploads\/2023\/08\/rod-baner01-1024x462.jpg 1024w, https:\/\/rod-jhd-nysa.pl\/wp-content\/uploads\/2023\/08\/rod-baner01-768x347.jpg 768w, https:\/\/rod-jhd-nysa.pl\/wp-content\/uploads\/2023\/08\/rod-baner01-1536x693.jpg 1536w, https:\/\/rod-jhd-nysa.pl\/wp-content\/uploads\/2023\/08\/rod-baner01-2048x924.jpg 2048w\" sizes=\"(max-width: 2560px) 100vw, 2560px\" \/>\t\t\t\t\t\t\t\t\t\t\t\t\t\t\t<\/div>\n\t\t\t\t<\/div>\n\t\t\t\t<section class=\"elementor-section elementor-inner-section elementor-element elementor-element-94da651 elementor-section-boxed elementor-section-height-default elementor-section-height-default\" data-id=\"94da651\" data-element_type=\"section\">\n\t\t\t\t\t\t<div class=\"elementor-container elementor-column-gap-wider\">\n\t\t\t\t\t<div class=\"elementor-column elementor-col-50 elementor-inner-column elementor-element elementor-element-4cf015b\" data-id=\"4cf015b\" data-element_type=\"column\">\n\t\t\t<div class=\"elementor-widget-wrap elementor-element-populated\">\n\t\t\t\t\t\t<div class=\"elementor-element elementor-element-0aba476 elementor-widget elementor-widget-text-editor\" data-id=\"0aba476\" data-element_type=\"widget\" data-widget_type=\"text-editor.default\">\n\t\t\t\t<div class=\"elementor-widget-container\">\n\t\t\t\t\t\t\t\t\t<p><strong>STOWARZYSZENIE Rodzinny Ogr\u00f3d Dzia\u0142kowy im. J. H. D\u0105browskiego<\/strong><\/p>\n<p>ul. Wojska Polskiego 38b<br \/>48-300 Nysa<\/p>\t\t\t\t\t\t\t\t<\/div>\n\t\t\t\t<\/div>\n\t\t\t\t\t<\/div>\n\t\t<\/div>\n\t\t\t\t<div class=\"elementor-column elementor-col-50 elementor-inner-column elementor-element elementor-element-471bd91\" data-id=\"471bd91\" data-element_type=\"column\">\n\t\t\t<div class=\"elementor-widget-wrap elementor-element-populated\">\n\t\t\t\t\t\t<div class=\"elementor-element elementor-element-93e9b58 elementor-widget elementor-widget-text-editor\" data-id=\"93e9b58\" data-element_type=\"widget\" data-widget_type=\"text-editor.default\">\n\t\t\t\t<div class=\"elementor-widget-container\">\n\t\t\t\t\t\t\t\t\t<p>NIP: 7532434582<br \/>Regon : 161589806<br \/>KRS : 0000510018<\/p>\n<p>Nr. konta: 64 8872 1026 0031 6144 2000 0010<\/p>\t\t\t\t\t\t\t\t<\/div>\n\t\t\t\t<\/div>\n\t\t\t\t\t<\/div>\n\t\t<\/div>\n\t\t\t\t\t<\/div>\n\t\t<\/section>\n\t\t\t\t\t<\/div>\n\t\t<\/div>\n\t\t\t\t\t<\/div>\n\t\t<\/section>\n\t\t\t\t<section class=\"elementor-section elementor-top-section elementor-element elementor-element-74d3c21 elementor-section-boxed elementor-section-height-default elementor-section-height-default\" data-id=\"74d3c21\" data-element_type=\"section\">\n\t\t\t\t\t\t<div class=\"elementor-container elementor-column-gap-default\">\n\t\t\t\t\t<div class=\"elementor-column elementor-col-100 elementor-top-column elementor-element elementor-element-1ed3bdd\" data-id=\"1ed3bdd\" data-element_type=\"column\">\n\t\t\t<div class=\"elementor-widget-wrap elementor-element-populated\">\n\t\t\t\t\t\t<div class=\"elementor-element elementor-element-858982b elementor-widget-divider--separator-type-pattern elementor-widget-divider--no-spacing elementor-widget-divider--view-line elementor-widget elementor-widget-divider\" data-id=\"858982b\" data-element_type=\"widget\" data-widget_type=\"divider.default\">\n\t\t\t\t<div class=\"elementor-widget-container\">\n\t\t\t\t\t\t\t<div class=\"elementor-divider\" style=\"--divider-pattern-url: url(&quot;data:image\/svg+xml,%3Csvg xmlns=&#039;http:\/\/www.w3.org\/2000\/svg&#039; preserveAspectRatio=&#039;xMidYMid meet&#039; overflow=&#039;visible&#039; height=&#039;100%&#039; viewBox=&#039;0 0 126 26&#039; fill=&#039;black&#039; stroke=&#039;none&#039;%3E%3Cpath d=&#039;M46.8,7.8v11.5L36,18.6V7.8H46.8z M82.4,7.8L84,18.6l-12,0.7L70.4,7.8H82.4z M0,7.8l12,0.9v9.9H1.3L0,7.8z M30,7.8v10.8H19L18,7.8H30z M63.7,7.8L66,18.6H54V9.5L63.7,7.8z M89.8,7L102,7.8v10.8H91.2L89.8,7zM108,7.8l12,0.9v8.9l-12,1V7.8z&#039;\/%3E%3C\/svg%3E&quot;);\">\n\t\t\t<span class=\"elementor-divider-separator\">\n\t\t\t\t\t\t<\/span>\n\t\t<\/div>\n\t\t\t\t\t\t<\/div>\n\t\t\t\t<\/div>\n\t\t\t\t<div class=\"elementor-element elementor-element-b3ec9ba elementor-widget elementor-widget-spacer\" data-id=\"b3ec9ba\" data-element_type=\"widget\" data-widget_type=\"spacer.default\">\n\t\t\t\t<div class=\"elementor-widget-container\">\n\t\t\t\t\t\t\t<div class=\"elementor-spacer\">\n\t\t\t<div class=\"elementor-spacer-inner\"><\/div>\n\t\t<\/div>\n\t\t\t\t\t\t<\/div>\n\t\t\t\t<\/div>\n\t\t\t\t\t<\/div>\n\t\t<\/div>\n\t\t\t\t\t<\/div>\n\t\t<\/section>\n\t\t\t\t<\/div>\n\t\t","protected":false},"excerpt":{"rendered":"<p>Witamy na stronie Rodzinnych Ogrod\u00f3w Dzia\u0142kowych STOWARZYSZENIE Rodzinny Ogr\u00f3d Dzia\u0142kowy im. J. H. D\u0105browskiego ul. Wojska Polskiego 38b48-300 Nysa NIP: 7532434582Regon : 161589806KRS : 0000510018 Nr. konta: 64 8872 1026 0031 6144 2000 0010<\/p>\n","protected":false},"author":1,"featured_media":0,"parent":0,"menu_order":0,"comment_status":"closed","ping_status":"closed","template":"elementor_header_footer","meta":{"neve_meta_sidebar":"","neve_meta_container":"","neve_meta_enable_content_width":"","neve_meta_content_width":0,"neve_meta_title_alignment":"","neve_meta_author_avatar":"","neve_post_elements_order":"","neve_meta_disable_header":"","neve_meta_disable_footer":"","neve_meta_disable_title":"","footnotes":""},"_links":{"self":[{"href":"https:\/\/rod-jhd-nysa.pl\/index.php?rest_route=\/wp\/v2\/pages\/14"}],"collection":[{"href":"https:\/\/rod-jhd-nysa.pl\/index.php?rest_route=\/wp\/v2\/pages"}],"about":[{"href":"https:\/\/rod-jhd-nysa.pl\/index.php?rest_route=\/wp\/v2\/types\/page"}],"author":[{"embeddable":true,"href":"https:\/\/rod-jhd-nysa.pl\/index.php?rest_route=\/wp\/v2\/users\/1"}],"replies":[{"embeddable":true,"href":"https:\/\/rod-jhd-nysa.pl\/index.php?rest_route=%2Fwp%2Fv2%2Fcomments&post=14"}],"version-history":[{"count":24,"href":"https:\/\/rod-jhd-nysa.pl\/index.php?rest_route=\/wp\/v2\/pages\/14\/revisions"}],"predecessor-version":[{"id":97,"href":"https:\/\/rod-jhd-nysa.pl\/index.php?rest_route=\/wp\/v2\/pages\/14\/revisions\/97"}],"wp:attachment":[{"href":"https:\/\/rod-jhd-nysa.pl\/index.php?rest_route=%2Fwp%2Fv2%2Fmedia&parent=14"}],"curies":[{"name":"wp","href":"https:\/\/api.w.org\/{rel}","templated":true}]}}