{"id":56,"date":"2023-08-28T10:58:07","date_gmt":"2023-08-28T10:58:07","guid":{"rendered":"http:\/\/rod-jhd-nysa.pl\/?page_id=56"},"modified":"2026-02-21T13:45:10","modified_gmt":"2026-02-21T13:45:10","slug":"wladze","status":"publish","type":"page","link":"https:\/\/rod-jhd-nysa.pl\/?page_id=56","title":{"rendered":"W\u0142adze"},"content":{"rendered":"\t\t<div data-elementor-type=\"wp-page\" data-elementor-id=\"56\" class=\"elementor elementor-56\">\n\t\t\t\t\t\t<section class=\"elementor-section elementor-top-section elementor-element elementor-element-08f1d94 elementor-section-boxed elementor-section-height-default elementor-section-height-default\" data-id=\"08f1d94\" data-element_type=\"section\">\n\t\t\t\t\t\t<div class=\"elementor-container elementor-column-gap-default\">\n\t\t\t\t\t<div class=\"elementor-column elementor-col-100 elementor-top-column elementor-element elementor-element-569c5c5\" data-id=\"569c5c5\" data-element_type=\"column\">\n\t\t\t<div class=\"elementor-widget-wrap elementor-element-populated\">\n\t\t\t\t\t\t<div class=\"elementor-element elementor-element-c6cbaa5 elementor-widget elementor-widget-heading\" data-id=\"c6cbaa5\" data-element_type=\"widget\" data-widget_type=\"heading.default\">\n\t\t\t\t<div class=\"elementor-widget-container\">\n\t\t\t\t\t<h1 class=\"elementor-heading-title elementor-size-default\">W\u0142adze<\/h1>\t\t\t\t<\/div>\n\t\t\t\t<\/div>\n\t\t\t\t<section class=\"elementor-section elementor-inner-section elementor-element elementor-element-e6aad34 elementor-section-boxed elementor-section-height-default elementor-section-height-default\" data-id=\"e6aad34\" data-element_type=\"section\">\n\t\t\t\t\t\t<div class=\"elementor-container elementor-column-gap-default\">\n\t\t\t\t\t<div class=\"elementor-column elementor-col-50 elementor-inner-column elementor-element elementor-element-cf281ac\" data-id=\"cf281ac\" data-element_type=\"column\">\n\t\t\t<div class=\"elementor-widget-wrap elementor-element-populated\">\n\t\t\t\t\t\t<div class=\"elementor-element elementor-element-d977737 elementor-widget elementor-widget-text-editor\" data-id=\"d977737\" data-element_type=\"widget\" data-widget_type=\"text-editor.default\">\n\t\t\t\t<div class=\"elementor-widget-container\">\n\t\t\t\t\t\t\t\t\t<p><b>ZARZ\u0104D<\/b><\/p>\n<p>Prezes: W\u0142adys\u0142aw GIELAREK<span style=\"color: var( --e-global-color-text ); font-family: var( --e-global-typography-text-font-family ), Sans-serif; font-size: var( --e-global-typography-text-font-size ); font-weight: var( --e-global-typography-text-font-weight ); background-color: var(--nv-site-bg); letter-spacing: var(--bodyletterspacing); text-transform: var(--bodytexttransform);\"><br><\/span><\/p>\n<p><span style=\"color: var( --e-global-color-text ); font-family: var( --e-global-typography-text-font-family ), Sans-serif; font-size: var( --e-global-typography-text-font-size ); font-weight: var( --e-global-typography-text-font-weight ); background-color: var(--nv-site-bg); letter-spacing: var(--bodyletterspacing); text-transform: var(--bodytexttransform);\">Vice-prezes: Arkadiusz SZAJOWSKI<\/span><\/p>\n<p><span style=\"color: var( --e-global-color-text ); font-family: var( --e-global-typography-text-font-family ), Sans-serif; font-size: var( --e-global-typography-text-font-size ); font-weight: var( --e-global-typography-text-font-weight ); background-color: var(--nv-site-bg); letter-spacing: var(--bodyletterspacing); text-transform: var(--bodytexttransform);\">Sekretarz: Jadwiga ZWOLI\u0143SKA<\/span><\/p>\n<p>Skarbnik: Hanna JUSZCZYK<\/p>\n<p>Cz\u0142onek: Hubert&nbsp; MUSIO\u0141&nbsp;&nbsp;<\/p>\n<p>Cz\u0142onek: Piotr POPOWICZ<\/p>\t\t\t\t\t\t\t\t<\/div>\n\t\t\t\t<\/div>\n\t\t\t\t\t<\/div>\n\t\t<\/div>\n\t\t\t\t<div class=\"elementor-column elementor-col-50 elementor-inner-column elementor-element elementor-element-cd2ecbf\" data-id=\"cd2ecbf\" data-element_type=\"column\">\n\t\t\t<div class=\"elementor-widget-wrap elementor-element-populated\">\n\t\t\t\t\t\t<div class=\"elementor-element elementor-element-8f21496 elementor-widget elementor-widget-text-editor\" data-id=\"8f21496\" data-element_type=\"widget\" data-widget_type=\"text-editor.default\">\n\t\t\t\t<div class=\"elementor-widget-container\">\n\t\t\t\t\t\t\t\t\t<p><b>KOMISJA REWIZYJNA<\/b><\/p>\n<p>Przewodnicz\u0105cy: Artur Nowak<\/p>\n<p>Zast\u0119pca przew.: Witold Sofi\u0144ski<\/p>\n<p>Sekretarz: Gra\u017cyna Hejnowicz<\/p>\n<p><b>KOMISJA ROZJEMCZA<\/b><\/p>\n<p>Przewodnicz\u0105cy: Jan \u015acieszka<\/p>\n<p>Zast\u0119pca przew.: Daniel Szeliga<\/p>\n<p>Sekretarz: Jan Leman<\/p>\t\t\t\t\t\t\t\t<\/div>\n\t\t\t\t<\/div>\n\t\t\t\t\t<\/div>\n\t\t<\/div>\n\t\t\t\t\t<\/div>\n\t\t<\/section>\n\t\t\t\t<div class=\"elementor-element elementor-element-35c0065 elementor-widget elementor-widget-spacer\" data-id=\"35c0065\" data-element_type=\"widget\" data-widget_type=\"spacer.default\">\n\t\t\t\t<div class=\"elementor-widget-container\">\n\t\t\t\t\t\t\t<div class=\"elementor-spacer\">\n\t\t\t<div class=\"elementor-spacer-inner\"><\/div>\n\t\t<\/div>\n\t\t\t\t\t\t<\/div>\n\t\t\t\t<\/div>\n\t\t\t\t\t<\/div>\n\t\t<\/div>\n\t\t\t\t\t<\/div>\n\t\t<\/section>\n\t\t\t\t<\/div>\n\t\t","protected":false},"excerpt":{"rendered":"<p>W\u0142adze ZARZ\u0104D Prezes: W\u0142adys\u0142aw GIELAREK Vice-prezes: Arkadiusz SZAJOWSKI Sekretarz: Jadwiga ZWOLI\u0143SKA Skarbnik: Hanna JUSZCZYK Cz\u0142onek: Hubert&nbsp; MUSIO\u0141&nbsp;&nbsp; Cz\u0142onek: Piotr POPOWICZ KOMISJA REWIZYJNA Przewodnicz\u0105cy: Artur Nowak Zast\u0119pca przew.: Witold Sofi\u0144ski Sekretarz: Gra\u017cyna Hejnowicz KOMISJA ROZJEMCZA Przewodnicz\u0105cy: Jan \u015acieszka Zast\u0119pca przew.: Daniel Szeliga Sekretarz: Jan Leman<\/p>\n","protected":false},"author":1,"featured_media":0,"parent":0,"menu_order":0,"comment_status":"closed","ping_status":"closed","template":"page-templates\/template-pagebuilder-full-width.php","meta":{"neve_meta_sidebar":"","neve_meta_container":"","neve_meta_enable_content_width":"","neve_meta_content_width":0,"neve_meta_title_alignment":"","neve_meta_author_avatar":"","neve_post_elements_order":"","neve_meta_disable_header":"","neve_meta_disable_footer":"","neve_meta_disable_title":"","footnotes":""},"_links":{"self":[{"href":"https:\/\/rod-jhd-nysa.pl\/index.php?rest_route=\/wp\/v2\/pages\/56"}],"collection":[{"href":"https:\/\/rod-jhd-nysa.pl\/index.php?rest_route=\/wp\/v2\/pages"}],"about":[{"href":"https:\/\/rod-jhd-nysa.pl\/index.php?rest_route=\/wp\/v2\/types\/page"}],"author":[{"embeddable":true,"href":"https:\/\/rod-jhd-nysa.pl\/index.php?rest_route=\/wp\/v2\/users\/1"}],"replies":[{"embeddable":true,"href":"https:\/\/rod-jhd-nysa.pl\/index.php?rest_route=%2Fwp%2Fv2%2Fcomments&post=56"}],"version-history":[{"count":10,"href":"https:\/\/rod-jhd-nysa.pl\/index.php?rest_route=\/wp\/v2\/pages\/56\/revisions"}],"predecessor-version":[{"id":173,"href":"https:\/\/rod-jhd-nysa.pl\/index.php?rest_route=\/wp\/v2\/pages\/56\/revisions\/173"}],"wp:attachment":[{"href":"https:\/\/rod-jhd-nysa.pl\/index.php?rest_route=%2Fwp%2Fv2%2Fmedia&parent=56"}],"curies":[{"name":"wp","href":"https:\/\/api.w.org\/{rel}","templated":true}]}}