{"id":61,"date":"2023-08-28T11:01:08","date_gmt":"2023-08-28T11:01:08","guid":{"rendered":"http:\/\/rod-jhd-nysa.pl\/?page_id=61"},"modified":"2023-08-28T11:02:59","modified_gmt":"2023-08-28T11:02:59","slug":"oplaty","status":"publish","type":"page","link":"https:\/\/rod-jhd-nysa.pl\/?page_id=61","title":{"rendered":"Op\u0142aty"},"content":{"rendered":"\t\t<div data-elementor-type=\"wp-page\" data-elementor-id=\"61\" class=\"elementor elementor-61\">\n\t\t\t\t\t\t<section class=\"elementor-section elementor-top-section elementor-element elementor-element-7c2d17d elementor-section-boxed elementor-section-height-default elementor-section-height-default\" data-id=\"7c2d17d\" data-element_type=\"section\">\n\t\t\t\t\t\t<div class=\"elementor-container elementor-column-gap-default\">\n\t\t\t\t\t<div class=\"elementor-column elementor-col-100 elementor-top-column elementor-element elementor-element-19fa47d\" data-id=\"19fa47d\" data-element_type=\"column\">\n\t\t\t<div class=\"elementor-widget-wrap elementor-element-populated\">\n\t\t\t\t\t\t<div class=\"elementor-element elementor-element-1eb7365 elementor-widget elementor-widget-heading\" data-id=\"1eb7365\" data-element_type=\"widget\" data-widget_type=\"heading.default\">\n\t\t\t\t<div class=\"elementor-widget-container\">\n\t\t\t\t\t<h1 class=\"elementor-heading-title elementor-size-default\">Op\u0142aty<\/h1>\t\t\t\t<\/div>\n\t\t\t\t<\/div>\n\t\t\t\t<div class=\"elementor-element elementor-element-093766a elementor-widget elementor-widget-text-editor\" data-id=\"093766a\" data-element_type=\"widget\" data-widget_type=\"text-editor.default\">\n\t\t\t\t<div class=\"elementor-widget-container\">\n\t\t\t\t\t\t\t\t\t<p><b>Op\u0142aty w 2023r.<\/b><\/p>\n<p>Zarz\u0105d Stowarzyszenia ROD im. J. H. D\u0105browskiego w Nysie dzia\u0142aj\u0105c na podstawie Ustawy o ROD z 13 grudnia 2013 r. Dz. U. poz. 40 art. 34 pkt. 1 i Statutu Stowarzyszenia ROD \u00a7 44 pkt 4 , przedstawia propozycje op\u0142at ogrodowych w 2023 r.<\/p>\n<p>sk\u0142adka cz\u0142onkowska ; od 1 m2 = 0,25 z\u0142.<\/p>\n<p>op\u0142ata na rzecz ogrodu: od 1 m2 = 0,18 z\u0142.<\/p>\n<p>za nieprzepracowane godziny (5 godz. x 20.00 z\u0142.)<\/p>\n<p>regulamin ROD $ 83 pkt.1 ppkt. 1 = 100,00 z\u0142.<\/p>\n<p>op\u0142ata na pokrycie koszt\u00f3w zu\u017cycia zimnej wody = 2,70 z\u0142.<\/p>\n<p>op\u0142ata na pokrycie koszt\u00f3w zbierania odpad\u00f3w<\/p>\n<p>komunalnych powsta\u0142ych na terenie ROD (od dzia\u0142ki) = 60,00 z\u0142.<\/p>\n<p>za nieprzepracowane godziny dla os\u00f3b otrzymuj\u0105cych dzia\u0142k\u0119<\/p>\n<p>po raz pierwszy (15 godz. x 20,00 z\u0142 = 300,00 z\u0142)<\/p>\n<p>wpisowe (po przepisaniu dzia\u0142ki) Regulamin ROD<\/p>\n<p>$ 83 pkt. 1 ppkt. 5 (op\u0142ata jednorazowa) = 150,00 z\u0142.<\/p>\n<p>op\u0142ata inwestycyjna (dla nowo przyj\u0119tych dzia\u0142kowc\u00f3w)<\/p>\n<p>Regulamin ROD $ 83 pkt. 1 ppkt. 4 ( op\u0142ata jednorazowa ) = 100,00 z\u0142.<\/p>\n<p>Termin wnoszenia op\u0142at do 30 czerwca 2023 roku<\/p>\n<p>Za nieuregulowanie w terminie nale\u017cnych op\u0142at pobierane b\u0119d\u0105 ustawowe odsetki za zw\u0142ok\u0119<\/p>\n<p>***<\/p>\n<p><b>OP\u0141ATY ZA ENERGI\u0118 ELEKTRYCZN\u0104<\/b><\/p>\n<p>Pierwszy termin do 30.06.2023r. , drugi termin do 31.10.2023r. wg. aktualnych wskaza\u0144 licznika i aktualnych cen ( 1.10 z\u0142. ) + op\u0142ata sta\u0142a 12,00 z\u0142. w skali roku . Po nieop\u0142aceniu w terminie i up\u0142ywie jednego miesi\u0105ca ( uchwa\u0142a Nr. 16\/2020 zmiana zapisu w regulaminie ROD ) od w\/w termin\u00f3w op\u0142at za energi\u0119 ,dzia\u0142kowicz b\u0119dzie pozbawiony dop\u0142ywu energii elektrycznej do dzia\u0142ki.<\/p>\n<p>Ponowne pod\u0142\u0105czenie energii elektrycznej nast\u0105pi po wp\u0142aceniu nale\u017cno\u015bci wraz z odsetkami i dodatkowej op\u0142aty za pod\u0142\u0105czenie energii elektrycznej w wysoko\u015bci&nbsp; 100,00 z\u0142.zgodnie z uchwa\u0142\u0105 nr. 15\/2023r. Walnego Zebrania.<\/p>\n<p>Op\u0142aty za usuni\u0119cie awarii energii elektryczne z winy u\u017cytkownika \u2013 15 z\u0142.<\/p>\n<p>Samowolne rozplombowanie skrzynki rozdzielczej \u2013 50 z\u0142.<\/p>\n<p>Uchwa\u0142a Walnego Zebrania ROD nr. 17\/2023 z dnia 22.04.2023r<\/p>\t\t\t\t\t\t\t\t<\/div>\n\t\t\t\t<\/div>\n\t\t\t\t\t<\/div>\n\t\t<\/div>\n\t\t\t\t\t<\/div>\n\t\t<\/section>\n\t\t\t\t<\/div>\n\t\t","protected":false},"excerpt":{"rendered":"<p>Op\u0142aty Op\u0142aty w 2023r. Zarz\u0105d Stowarzyszenia ROD im. J. H. D\u0105browskiego w Nysie dzia\u0142aj\u0105c na podstawie Ustawy o ROD z 13 grudnia 2013 r. Dz. U. poz. 40 art. 34 pkt. 1 i Statutu Stowarzyszenia ROD \u00a7 44 pkt 4 , przedstawia propozycje op\u0142at ogrodowych w 2023 r. sk\u0142adka cz\u0142onkowska ; od 1 m2 =&hellip;&nbsp;<a href=\"https:\/\/rod-jhd-nysa.pl\/?page_id=61\" rel=\"bookmark\">Czytaj dalej &raquo;<span class=\"screen-reader-text\">Op\u0142aty<\/span><\/a><\/p>\n","protected":false},"author":1,"featured_media":0,"parent":0,"menu_order":0,"comment_status":"closed","ping_status":"closed","template":"page-templates\/template-pagebuilder-full-width.php","meta":{"neve_meta_sidebar":"","neve_meta_container":"","neve_meta_enable_content_width":"","neve_meta_content_width":0,"neve_meta_title_alignment":"","neve_meta_author_avatar":"","neve_post_elements_order":"","neve_meta_disable_header":"","neve_meta_disable_footer":"","neve_meta_disable_title":"","footnotes":""},"_links":{"self":[{"href":"https:\/\/rod-jhd-nysa.pl\/index.php?rest_route=\/wp\/v2\/pages\/61"}],"collection":[{"href":"https:\/\/rod-jhd-nysa.pl\/index.php?rest_route=\/wp\/v2\/pages"}],"about":[{"href":"https:\/\/rod-jhd-nysa.pl\/index.php?rest_route=\/wp\/v2\/types\/page"}],"author":[{"embeddable":true,"href":"https:\/\/rod-jhd-nysa.pl\/index.php?rest_route=\/wp\/v2\/users\/1"}],"replies":[{"embeddable":true,"href":"https:\/\/rod-jhd-nysa.pl\/index.php?rest_route=%2Fwp%2Fv2%2Fcomments&post=61"}],"version-history":[{"count":8,"href":"https:\/\/rod-jhd-nysa.pl\/index.php?rest_route=\/wp\/v2\/pages\/61\/revisions"}],"predecessor-version":[{"id":120,"href":"https:\/\/rod-jhd-nysa.pl\/index.php?rest_route=\/wp\/v2\/pages\/61\/revisions\/120"}],"wp:attachment":[{"href":"https:\/\/rod-jhd-nysa.pl\/index.php?rest_route=%2Fwp%2Fv2%2Fmedia&parent=61"}],"curies":[{"name":"wp","href":"https:\/\/api.w.org\/{rel}","templated":true}]}}